{"id":89,"date":"2024-01-18T14:51:35","date_gmt":"2024-01-18T14:51:35","guid":{"rendered":"https:\/\/achave.es\/?page_id=89"},"modified":"2024-06-27T15:05:30","modified_gmt":"2024-06-27T15:05:30","slug":"contacto","status":"publish","type":"page","link":"https:\/\/achave.es\/index.php\/contacto\/","title":{"rendered":"Contacto"},"content":{"rendered":"\n<div class=\"wp-block-group wp-container-content-9cfa9a5a is-vertical is-layout-flex wp-container-core-group-is-layout-2d729e81 wp-block-group-is-layout-flex\">\n<div style=\"height:0px\" aria-hidden=\"true\" class=\"wp-block-spacer wp-container-content-541a6b20\"><\/div>\n\n\n\n<div class=\"wp-block-group wp-container-content-9cfa9a5a is-vertical is-layout-flex wp-container-core-group-is-layout-2d729e81 wp-block-group-is-layout-flex\">\n<div class=\"wp-block-group alignfull is-layout-constrained wp-container-core-group-is-layout-eb524166 wp-block-group-is-layout-constrained\" style=\"padding-top:var(--wp--preset--spacing--40);padding-right:var(--wp--preset--spacing--30);padding-bottom:var(--wp--preset--spacing--40);padding-left:var(--wp--preset--spacing--30)\">\n<div class=\"wp-block-group alignwide is-vertical is-content-justification-center is-layout-flex wp-container-core-group-is-layout-734eb2c2 wp-block-group-is-layout-flex\"><div class=\"is-default-size wp-block-site-logo\"><a href=\"https:\/\/achave.es\/\" class=\"custom-logo-link\" rel=\"home\"><img loading=\"lazy\" decoding=\"async\" width=\"429\" height=\"433\" src=\"https:\/\/achave.es\/wp-content\/uploads\/2024\/01\/logo-abogados-1.jpeg\" class=\"custom-logo\" alt=\"ACHAVE BEN\u00c9ITEZ\" srcset=\"https:\/\/achave.es\/wp-content\/uploads\/2024\/01\/logo-abogados-1.jpeg 429w, https:\/\/achave.es\/wp-content\/uploads\/2024\/01\/logo-abogados-1-297x300.jpeg 297w, https:\/\/achave.es\/wp-content\/uploads\/2024\/01\/logo-abogados-1-150x150.jpeg 150w\" sizes=\"auto, (max-width: 429px) 100vw, 429px\" \/><\/a><\/div>\n\n<h1 style=\"text-transform:uppercase;letter-spacing:5px;\" class=\"ona-site-title ona-sm-down-text-align-left wp-block-site-title has-medium-font-size has-base-font-family\"><a href=\"https:\/\/achave.es\" target=\"_self\" rel=\"home\">ACHAVE BEN\u00c9ITEZ<\/a><\/h1>\n\n<nav class=\"is-responsive items-justified-center wp-block-navigation is-content-justification-center is-layout-flex wp-container-core-navigation-is-layout-64ede673 wp-block-navigation-is-layout-flex\" aria-label=\"Navegaci\u00f3n 4\" \n\t\t data-wp-interactive=\"core\/navigation\" data-wp-context='{\"overlayOpenedBy\":{\"click\":false,\"hover\":false,\"focus\":false},\"type\":\"overlay\",\"roleAttribute\":\"\",\"ariaLabel\":\"Men\\u00fa\"}'><button aria-haspopup=\"dialog\" aria-label=\"Abrir el men\u00fa\" class=\"wp-block-navigation__responsive-container-open\" \n\t\t\t\tdata-wp-on--click=\"actions.openMenuOnClick\"\n\t\t\t\tdata-wp-on--keydown=\"actions.handleMenuKeydown\"\n\t\t\t><svg width=\"24\" height=\"24\" xmlns=\"http:\/\/www.w3.org\/2000\/svg\" viewBox=\"0 0 24 24\" aria-hidden=\"true\" focusable=\"false\"><path d=\"M4 7.5h16v1.5H4z\"><\/path><path d=\"M4 15h16v1.5H4z\"><\/path><\/svg><\/button>\n\t\t\t\t<div class=\"wp-block-navigation__responsive-container\"  id=\"modal-1\" \n\t\t\t\tdata-wp-class--has-modal-open=\"state.isMenuOpen\"\n\t\t\t\tdata-wp-class--is-menu-open=\"state.isMenuOpen\"\n\t\t\t\tdata-wp-watch=\"callbacks.initMenu\"\n\t\t\t\tdata-wp-on--keydown=\"actions.handleMenuKeydown\"\n\t\t\t\tdata-wp-on--focusout=\"actions.handleMenuFocusout\"\n\t\t\t\ttabindex=\"-1\"\n\t\t\t>\n\t\t\t\t\t<div class=\"wp-block-navigation__responsive-close\" tabindex=\"-1\">\n\t\t\t\t\t\t<div class=\"wp-block-navigation__responsive-dialog\" \n\t\t\t\tdata-wp-bind--aria-modal=\"state.ariaModal\"\n\t\t\t\tdata-wp-bind--aria-label=\"state.ariaLabel\"\n\t\t\t\tdata-wp-bind--role=\"state.roleAttribute\"\n\t\t\t>\n\t\t\t\t\t\t\t<button aria-label=\"Cerrar el men\u00fa\" class=\"wp-block-navigation__responsive-container-close\" \n\t\t\t\tdata-wp-on--click=\"actions.closeMenuOnClick\"\n\t\t\t><svg xmlns=\"http:\/\/www.w3.org\/2000\/svg\" viewBox=\"0 0 24 24\" width=\"24\" height=\"24\" aria-hidden=\"true\" focusable=\"false\"><path d=\"m13.06 12 6.47-6.47-1.06-1.06L12 10.94 5.53 4.47 4.47 5.53 10.94 12l-6.47 6.47 1.06 1.06L12 13.06l6.47 6.47 1.06-1.06L13.06 12Z\"><\/path><\/svg><\/button>\n\t\t\t\t\t\t\t<div class=\"wp-block-navigation__responsive-container-content\" \n\t\t\t\tdata-wp-watch=\"callbacks.focusFirstElement\"\n\t\t\t id=\"modal-1-content\">\n\t\t\t\t\t\t\t\t<ul class=\"wp-block-navigation__container is-responsive items-justified-center wp-block-navigation\"><li class=\" wp-block-navigation-item wp-block-navigation-link\"><a class=\"wp-block-navigation-item__content\"  href=\"https:\/\/achave.es\/index.php\/admon-fincas\/\"><span class=\"wp-block-navigation-item__label\">Adm\u00f3n. de Fincas<\/span><\/a><\/li><li class=\" wp-block-navigation-item wp-block-navigation-link\"><a class=\"wp-block-navigation-item__content\"  href=\"https:\/\/achave.es\/index.php\/abogados\/\"><span class=\"wp-block-navigation-item__label\">Abogados<\/span><\/a><\/li><li class=\" wp-block-navigation-item wp-block-navigation-link\"><a class=\"wp-block-navigation-item__content\"  href=\"https:\/\/achave.es\/index.php\/alquiler\/\"><span class=\"wp-block-navigation-item__label\">Gesti\u00f3n del alquiler<\/span><\/a><\/li><li class=\" wp-block-navigation-item wp-block-navigation-link\"><a class=\"wp-block-navigation-item__content\"  href=\"https:\/\/achave.es\/index.php\/contacto\/\"><span class=\"wp-block-navigation-item__label\">Contacto<\/span><\/a><\/li><li class=\" wp-block-navigation-item wp-block-navigation-link\"><a class=\"wp-block-navigation-item__content\"  href=\"https:\/\/achave.es\/index.php\/ubicacion\/\" target=\"_blank\"  ><span class=\"wp-block-navigation-item__label\">Ubicaci\u00f3n<\/span><\/a><\/li><\/ul>\n\t\t\t\t\t\t\t<\/div>\n\t\t\t\t\t\t<\/div>\n\t\t\t\t\t<\/div>\n\t\t\t\t<\/div><\/nav><\/div>\n<\/div>\n\n\n\n<div class=\"wp-block-cover is-light has-parallax\" style=\"min-height:85vh;aspect-ratio:unset;\"><span aria-hidden=\"true\" class=\"wp-block-cover__background has-background-dim-0 has-background-dim\"><\/span><div class=\"wp-block-cover__image-background wp-image-254 has-parallax\" style=\"background-position:50% 50%;background-image:url(https:\/\/achave.es\/wp-content\/themes\/ona\/assets\/img\/ona_contact_background.jpg)\"><\/div><div class=\"wp-block-cover__inner-container is-layout-flow wp-block-cover-is-layout-flow\">\n<div class=\"wp-block-group is-layout-constrained wp-container-core-group-is-layout-2f3826cf wp-block-group-is-layout-constrained\">\n<div class=\"wp-block-group has-background-background-color has-background is-layout-flow wp-block-group-is-layout-flow\" style=\"padding-top:80px;padding-right:15%;padding-bottom:80px;padding-left:15%\">\n<h1 class=\"wp-block-heading has-text-align-center is-style-ona-alt-font has-headings-color has-text-color has-x-large-font-size\">Ponte en contacto<\/h1>\n\n\n\n<div style=\"height:20px\" aria-hidden=\"true\" class=\"wp-block-spacer\"><\/div>\n\n\n\n<p><strong>Horario de Atenci\u00f3n:<\/strong><\/p>\n\n\n\n<ul class=\"wp-block-list\">\n<li>Lunes a Viernes: 9:30 AM &#8211; 14:00 PM<\/li>\n<\/ul>\n\n\n\n<p><strong>Mapa de Ubicaci\u00f3n:<\/strong><\/p>\n\n\n<p><iframe src=\"https:\/\/www.google.com\/maps\/embed?pb=!1m18!1m12!1m3!1d131706.44649419351!2d-3.563922130654561!3d40.57657933931853!2m3!1f0!2f0!3f0!3m2!1i1024!2i768!4f13.1!3m3!1m2!1s0xd42356096d92d51%3A0xacc19917321b183a!2sAchave%20Administraci%C3%B3n%20de%20Fincas!5e0!3m2!1ses!2ses!4v1706182698524!5m2!1ses!2ses\" width=\"100%\" height=\"450\" style=\"border:0;\" allowfullscreen=\"\" loading=\"lazy\" referrerpolicy=\"no-referrer-when-downgrade\"><\/iframe><\/p>\n\n\n\n<p><strong>Citas Previas:<\/strong> Para ofrecerte un servicio m\u00e1s personalizado y eficiente, te recomendamos concertar una cita previa antes de tu visita. Puedes programar tu cita llamando al tel\u00e9fono o utilizando nuestro formulario en l\u00ednea. La cita previa nos permite dedicar el tiempo necesario para entender tus necesidades y brindarte la atenci\u00f3n que mereces.<\/p>\n\n\n\n<h2 class=\"wp-block-heading has-text-align-center ona-site-title ona-sm-down-text-align-left has-base-font-family has-medium-font-size\" id=\"feel-free-to-contact-me-anytime\" style=\"letter-spacing:5px;text-transform:uppercase\">Fincas<\/h2>\n\n\n\n<p class=\"has-text-regular-color has-text-color\">Tel\u00e9fono1 : <a href=\"https:\/\/wa.me\/+34644908138\">+34 644 908 138<\/a><\/p>\n\n\n\n<p>Tel\u00e9fono2 : <a href=\"https:\/\/wa.me\/+34694236519\">+34 694 236 519<\/a><\/p>\n\n\n\n<p class=\"has-text-regular-color has-text-color\">E-mail: comunidades@achave.es<\/p>\n\n\n\n<p class=\"has-text-align-left has-text-regular-color has-text-color\"><a href=\"https:\/\/www.google.com\/maps\/place\/Achave+Administraci%C3%B3n+de+Fincas\/@40.5420076,-3.4634266,21z\/data=!4m6!3m5!1s0xd42356096d92d51:0xacc19917321b183a!8m2!3d40.5418983!4d-3.4633461!16s%2Fg%2F11kjjlpfqy?entry=ttu\" target=\"_blank\" rel=\"noreferrer noopener\">Avda.<\/a><a href=\"https:\/\/www.google.com\/maps\/place\/Achave+Administraci%C3%B3n+de+Fincas\/@40.5524796,-3.50019,12.75z\/data=!4m6!3m5!1s0xd42356096d92d51:0xacc19917321b183a!8m2!3d40.5418983!4d-3.4633461!16s%2Fg%2F11kjjlpfqy?entry=ttu\" target=\"_blank\" rel=\"noreferrer noopener\"> Circunvalaci\u00f3n 248, Daganzo de Arriba, 28814, Madrid<\/a><\/p>\n\n\n\n<h2 class=\"wp-block-heading has-text-align-center ona-site-title ona-sm-down-text-align-left has-base-font-family has-medium-font-size\" id=\"feel-free-to-contact-me-anytime\" style=\"letter-spacing:5px;text-transform:uppercase\">Abogados<\/h2>\n\n\n\n<p class=\"has-text-regular-color has-text-color\">Tel\u00e9fono. : <a href=\"https:\/\/wa.me\/+34644757948\" target=\"_blank\" rel=\"noreferrer noopener\">+34 644 757 948<\/a><\/p>\n\n\n\n<p class=\"has-text-regular-color has-text-color\">E-mail: abogados@achave.es<\/p>\n\n\n\n<p class=\"has-text-align-left has-text-regular-color has-text-color\"><a href=\"https:\/\/www.google.com\/maps\/place\/Achave+Administraci%C3%B3n+de+Fincas\/@40.5420076,-3.4634266,21z\/data=!4m6!3m5!1s0xd42356096d92d51:0xacc19917321b183a!8m2!3d40.5418983!4d-3.4633461!16s%2Fg%2F11kjjlpfqy?entry=ttu\" target=\"_blank\" rel=\"noreferrer noopener\">Avda. Circunvalaci\u00f3n 248, Daganzo de Arriba, 28814, M<\/a><a href=\"https:\/\/www.google.com\/maps\/place\/Achave+Administraci%C3%B3n+de+Fincas\/@40.5524796,-3.50019,12.75z\/data=!4m6!3m5!1s0xd42356096d92d51:0xacc19917321b183a!8m2!3d40.5418983!4d-3.4633461!16s%2Fg%2F11kjjlpfqy?entry=ttu\" target=\"_blank\" rel=\"noreferrer noopener\">adrid<\/a><\/p>\n<\/div>\n<\/div>\n<\/div><\/div>\n\n\n\n<div style=\"height:0px\" aria-hidden=\"true\" class=\"wp-block-spacer wp-container-content-541a6b20\"><\/div>\n<\/div>\n\n\n\n<p>.<\/p>\n<\/div>\n","protected":false},"excerpt":{"rendered":"<p>.<\/p>\n","protected":false},"author":2,"featured_media":0,"parent":0,"menu_order":0,"comment_status":"closed","ping_status":"closed","template":"blank","meta":{"footnotes":""},"class_list":["post-89","page","type-page","status-publish","hentry"],"yoast_head":"<!-- This site is optimized with the Yoast SEO plugin v27.5 - https:\/\/yoast.com\/product\/yoast-seo-wordpress\/ -->\n<title>Contacto - ACHAVE BEN\u00c9ITEZ<\/title>\n<meta name=\"robots\" content=\"index, follow, max-snippet:-1, max-image-preview:large, max-video-preview:-1\" \/>\n<link rel=\"canonical\" href=\"https:\/\/achave.es\/index.php\/contacto\/\" \/>\n<meta property=\"og:locale\" content=\"es_ES\" \/>\n<meta property=\"og:type\" content=\"article\" \/>\n<meta property=\"og:title\" content=\"Contacto - ACHAVE BEN\u00c9ITEZ\" \/>\n<meta property=\"og:description\" content=\".\" \/>\n<meta property=\"og:url\" content=\"https:\/\/achave.es\/index.php\/contacto\/\" \/>\n<meta property=\"og:site_name\" content=\"ACHAVE BEN\u00c9ITEZ\" \/>\n<meta property=\"article:modified_time\" content=\"2024-06-27T15:05:30+00:00\" \/>\n<meta name=\"twitter:card\" content=\"summary_large_image\" \/>\n<meta name=\"twitter:label1\" content=\"Tiempo de lectura\" \/>\n\t<meta name=\"twitter:data1\" content=\"1 minuto\" \/>\n<script type=\"application\/ld+json\" class=\"yoast-schema-graph\">{\"@context\":\"https:\\\/\\\/schema.org\",\"@graph\":[{\"@type\":\"WebPage\",\"@id\":\"https:\\\/\\\/achave.es\\\/index.php\\\/contacto\\\/\",\"url\":\"https:\\\/\\\/achave.es\\\/index.php\\\/contacto\\\/\",\"name\":\"Contacto - ACHAVE BEN\u00c9ITEZ\",\"isPartOf\":{\"@id\":\"https:\\\/\\\/achave.es\\\/#website\"},\"datePublished\":\"2024-01-18T14:51:35+00:00\",\"dateModified\":\"2024-06-27T15:05:30+00:00\",\"breadcrumb\":{\"@id\":\"https:\\\/\\\/achave.es\\\/index.php\\\/contacto\\\/#breadcrumb\"},\"inLanguage\":\"es\",\"potentialAction\":[{\"@type\":\"ReadAction\",\"target\":[\"https:\\\/\\\/achave.es\\\/index.php\\\/contacto\\\/\"]}]},{\"@type\":\"BreadcrumbList\",\"@id\":\"https:\\\/\\\/achave.es\\\/index.php\\\/contacto\\\/#breadcrumb\",\"itemListElement\":[{\"@type\":\"ListItem\",\"position\":1,\"name\":\"Portada\",\"item\":\"https:\\\/\\\/achave.es\\\/\"},{\"@type\":\"ListItem\",\"position\":2,\"name\":\"Contacto\"}]},{\"@type\":\"WebSite\",\"@id\":\"https:\\\/\\\/achave.es\\\/#website\",\"url\":\"https:\\\/\\\/achave.es\\\/\",\"name\":\"ACHAVE BEN\u00c9ITEZ\",\"description\":\"Abogados y Administraci\u00f3n de Fincas\",\"publisher\":{\"@id\":\"https:\\\/\\\/achave.es\\\/#organization\"},\"potentialAction\":[{\"@type\":\"SearchAction\",\"target\":{\"@type\":\"EntryPoint\",\"urlTemplate\":\"https:\\\/\\\/achave.es\\\/?s={search_term_string}\"},\"query-input\":{\"@type\":\"PropertyValueSpecification\",\"valueRequired\":true,\"valueName\":\"search_term_string\"}}],\"inLanguage\":\"es\"},{\"@type\":\"Organization\",\"@id\":\"https:\\\/\\\/achave.es\\\/#organization\",\"name\":\"ACHAVE BEN\u00c9ITEZ\",\"url\":\"https:\\\/\\\/achave.es\\\/\",\"logo\":{\"@type\":\"ImageObject\",\"inLanguage\":\"es\",\"@id\":\"https:\\\/\\\/achave.es\\\/#\\\/schema\\\/logo\\\/image\\\/\",\"url\":\"https:\\\/\\\/achave.es\\\/wp-content\\\/uploads\\\/2024\\\/01\\\/logo-abogados-1.jpeg\",\"contentUrl\":\"https:\\\/\\\/achave.es\\\/wp-content\\\/uploads\\\/2024\\\/01\\\/logo-abogados-1.jpeg\",\"width\":429,\"height\":433,\"caption\":\"ACHAVE BEN\u00c9ITEZ\"},\"image\":{\"@id\":\"https:\\\/\\\/achave.es\\\/#\\\/schema\\\/logo\\\/image\\\/\"}}]}<\/script>\n<!-- \/ Yoast SEO plugin. -->","yoast_head_json":{"title":"Contacto - ACHAVE BEN\u00c9ITEZ","robots":{"index":"index","follow":"follow","max-snippet":"max-snippet:-1","max-image-preview":"max-image-preview:large","max-video-preview":"max-video-preview:-1"},"canonical":"https:\/\/achave.es\/index.php\/contacto\/","og_locale":"es_ES","og_type":"article","og_title":"Contacto - ACHAVE BEN\u00c9ITEZ","og_description":".","og_url":"https:\/\/achave.es\/index.php\/contacto\/","og_site_name":"ACHAVE BEN\u00c9ITEZ","article_modified_time":"2024-06-27T15:05:30+00:00","twitter_card":"summary_large_image","twitter_misc":{"Tiempo de lectura":"1 minuto"},"schema":{"@context":"https:\/\/schema.org","@graph":[{"@type":"WebPage","@id":"https:\/\/achave.es\/index.php\/contacto\/","url":"https:\/\/achave.es\/index.php\/contacto\/","name":"Contacto - ACHAVE BEN\u00c9ITEZ","isPartOf":{"@id":"https:\/\/achave.es\/#website"},"datePublished":"2024-01-18T14:51:35+00:00","dateModified":"2024-06-27T15:05:30+00:00","breadcrumb":{"@id":"https:\/\/achave.es\/index.php\/contacto\/#breadcrumb"},"inLanguage":"es","potentialAction":[{"@type":"ReadAction","target":["https:\/\/achave.es\/index.php\/contacto\/"]}]},{"@type":"BreadcrumbList","@id":"https:\/\/achave.es\/index.php\/contacto\/#breadcrumb","itemListElement":[{"@type":"ListItem","position":1,"name":"Portada","item":"https:\/\/achave.es\/"},{"@type":"ListItem","position":2,"name":"Contacto"}]},{"@type":"WebSite","@id":"https:\/\/achave.es\/#website","url":"https:\/\/achave.es\/","name":"ACHAVE BEN\u00c9ITEZ","description":"Abogados y Administraci\u00f3n de Fincas","publisher":{"@id":"https:\/\/achave.es\/#organization"},"potentialAction":[{"@type":"SearchAction","target":{"@type":"EntryPoint","urlTemplate":"https:\/\/achave.es\/?s={search_term_string}"},"query-input":{"@type":"PropertyValueSpecification","valueRequired":true,"valueName":"search_term_string"}}],"inLanguage":"es"},{"@type":"Organization","@id":"https:\/\/achave.es\/#organization","name":"ACHAVE BEN\u00c9ITEZ","url":"https:\/\/achave.es\/","logo":{"@type":"ImageObject","inLanguage":"es","@id":"https:\/\/achave.es\/#\/schema\/logo\/image\/","url":"https:\/\/achave.es\/wp-content\/uploads\/2024\/01\/logo-abogados-1.jpeg","contentUrl":"https:\/\/achave.es\/wp-content\/uploads\/2024\/01\/logo-abogados-1.jpeg","width":429,"height":433,"caption":"ACHAVE BEN\u00c9ITEZ"},"image":{"@id":"https:\/\/achave.es\/#\/schema\/logo\/image\/"}}]}},"_links":{"self":[{"href":"https:\/\/achave.es\/index.php\/wp-json\/wp\/v2\/pages\/89","targetHints":{"allow":["GET"]}}],"collection":[{"href":"https:\/\/achave.es\/index.php\/wp-json\/wp\/v2\/pages"}],"about":[{"href":"https:\/\/achave.es\/index.php\/wp-json\/wp\/v2\/types\/page"}],"author":[{"embeddable":true,"href":"https:\/\/achave.es\/index.php\/wp-json\/wp\/v2\/users\/2"}],"replies":[{"embeddable":true,"href":"https:\/\/achave.es\/index.php\/wp-json\/wp\/v2\/comments?post=89"}],"version-history":[{"count":20,"href":"https:\/\/achave.es\/index.php\/wp-json\/wp\/v2\/pages\/89\/revisions"}],"predecessor-version":[{"id":312,"href":"https:\/\/achave.es\/index.php\/wp-json\/wp\/v2\/pages\/89\/revisions\/312"}],"wp:attachment":[{"href":"https:\/\/achave.es\/index.php\/wp-json\/wp\/v2\/media?parent=89"}],"curies":[{"name":"wp","href":"https:\/\/api.w.org\/{rel}","templated":true}]}}